{"id":7,"date":"2023-02-26T18:59:05","date_gmt":"2023-02-26T18:59:05","guid":{"rendered":"https:\/\/verus.ee\/?page_id=7"},"modified":"2023-03-11T07:46:09","modified_gmt":"2023-03-11T07:46:09","slug":"verus","status":"publish","type":"page","link":"https:\/\/verus.ee\/","title":{"rendered":"Sinu ettev\u00f5te n\u00e4htavaks ja s\u00f5num selgeks."},"content":{"rendered":"\n<div class=\"wp-block-group alignwide is-layout-flow wp-block-group-is-layout-flow\">\n<p class=\"has-text-align-center has-medium-font-size\">Sul on hea toode v\u00f5i teenus, kuid kliendid ei leia Sind \u00fcles? Sa ei tea, kuidas ja milliste kanalite kaudu oma s\u00f5numeid levitada? Sul pole mahti ise oma infokanaleid hallata? Sa tahad tegeleda oma p\u00f5hit\u00f6\u00f6ga, mitte nuputada igap\u00e4evaseid turundustekste v\u00f5i kirjutada pressiteateid? Sa tead, mida \u00f6elda tahad, kuid ei tea, kuidas?<br><br>Siis oled \u00f5iges kohas.<\/p>\n\n\n\n<p class=\"has-text-align-center has-medium-font-size\">Siis oled \u00f5iges kohas.<\/p>\n\n\n\n<p>&nbsp;<\/p>\n<\/div>\n\n\n\n<hr class=\"wp-block-separator has-alpha-channel-opacity\"\/>\n\n\n\n<p>&nbsp;<\/p>\n\n\n\n<p class=\"has-large-font-size\"><strong>Verus pakub<\/strong><\/p>\n\n\n\n<ul class=\"wp-block-list\">\n<li>Sotsiaalmeedia kanalite loomist ja haldust, sh reklaamide seadistamist<\/li>\n\n\n\n<li>Tekstiloomet (artiklid, pressiteated, uudised, blogitekstid)<\/li>\n\n\n\n<li>Kommunikatsiooni konsultatsioone<\/li>\n\n\n\n<li>Meediat\u00f6\u00f6d (artiklite initsieerimine, pressiteadete edastamine, meedialistide koostamine)<\/li>\n\n\n\n<li>K\u00f5neisikute konsultatsioone<\/li>\n\n\n\n<li>Uudiskirjade loomist ja edastamist<\/li>\n\n\n\n<li>Kommunikatsioonistrateegia koostamist<\/li>\n\n\n\n<li>Professionaalseid fototeenuseid<\/li>\n<\/ul>\n\n\n\n<div class=\"wp-block-group is-layout-constrained wp-block-group-is-layout-constrained\"><\/div>\n\n\n\n<div class=\"wp-block-columns alignwide is-layout-flex wp-container-core-columns-is-layout-28f84493 wp-block-columns-is-layout-flex\">\n<div class=\"wp-block-column is-layout-flow wp-block-column-is-layout-flow\">\n<div class=\"wp-block-group is-layout-flow wp-block-group-is-layout-flow\">\n<figure class=\"wp-block-image alignfull size-large\"><img loading=\"lazy\" decoding=\"async\" width=\"1920\" height=\"1079\" src=\"https:\/\/verus.ee\/wp-content\/uploads\/2023\/03\/laptop-g363a8df07_1920-edited.jpg\" alt=\"\" class=\"wp-image-87\" srcset=\"https:\/\/verus.ee\/wp-content\/uploads\/2023\/03\/laptop-g363a8df07_1920-edited.jpg 1920w, https:\/\/verus.ee\/wp-content\/uploads\/2023\/03\/laptop-g363a8df07_1920-edited-300x169.jpg 300w, https:\/\/verus.ee\/wp-content\/uploads\/2023\/03\/laptop-g363a8df07_1920-edited-1024x575.jpg 1024w, https:\/\/verus.ee\/wp-content\/uploads\/2023\/03\/laptop-g363a8df07_1920-edited-768x432.jpg 768w, https:\/\/verus.ee\/wp-content\/uploads\/2023\/03\/laptop-g363a8df07_1920-edited-1536x863.jpg 1536w, https:\/\/verus.ee\/wp-content\/uploads\/2023\/03\/laptop-g363a8df07_1920-edited-1200x674.jpg 1200w\" sizes=\"auto, (max-width: 1920px) 100vw, 1920px\" \/><\/figure>\n\n\n\n<h3 class=\"wp-block-heading\">Sotsiaalmeedia haldus<\/h3>\n\n\n\n<p>&nbsp;<\/p>\n<\/div>\n\n\n\n<div class=\"wp-block-group is-layout-flow wp-block-group-is-layout-flow\">\n<figure class=\"wp-block-image alignfull size-large\"><img loading=\"lazy\" decoding=\"async\" width=\"1024\" height=\"576\" src=\"https:\/\/verus.ee\/wp-content\/uploads\/2023\/02\/photographer-g22287d105_1920-1024x576.jpg\" alt=\"\" class=\"wp-image-35\" srcset=\"https:\/\/verus.ee\/wp-content\/uploads\/2023\/02\/photographer-g22287d105_1920-1024x576.jpg 1024w, https:\/\/verus.ee\/wp-content\/uploads\/2023\/02\/photographer-g22287d105_1920-300x169.jpg 300w, https:\/\/verus.ee\/wp-content\/uploads\/2023\/02\/photographer-g22287d105_1920-768x432.jpg 768w, https:\/\/verus.ee\/wp-content\/uploads\/2023\/02\/photographer-g22287d105_1920-1536x864.jpg 1536w, https:\/\/verus.ee\/wp-content\/uploads\/2023\/02\/photographer-g22287d105_1920-1200x675.jpg 1200w, https:\/\/verus.ee\/wp-content\/uploads\/2023\/02\/photographer-g22287d105_1920.jpg 1920w\" sizes=\"auto, (max-width: 1024px) 100vw, 1024px\" \/><\/figure>\n\n\n\n<h3 class=\"wp-block-heading\">Fotograafia<\/h3>\n\n\n\n<p>&nbsp;<\/p>\n<\/div>\n<\/div>\n\n\n\n<div class=\"wp-block-column is-layout-flow wp-block-column-is-layout-flow\">\n<div class=\"wp-block-group is-layout-flow wp-block-group-is-layout-flow\">\n<figure class=\"wp-block-image alignfull size-large\"><img loading=\"lazy\" decoding=\"async\" width=\"1920\" height=\"1080\" src=\"https:\/\/verus.ee\/wp-content\/uploads\/2023\/03\/notes-gd35b4ae90_1920-edited.jpg\" alt=\"\" class=\"wp-image-86\" srcset=\"https:\/\/verus.ee\/wp-content\/uploads\/2023\/03\/notes-gd35b4ae90_1920-edited.jpg 1920w, https:\/\/verus.ee\/wp-content\/uploads\/2023\/03\/notes-gd35b4ae90_1920-edited-300x169.jpg 300w, https:\/\/verus.ee\/wp-content\/uploads\/2023\/03\/notes-gd35b4ae90_1920-edited-1024x576.jpg 1024w, https:\/\/verus.ee\/wp-content\/uploads\/2023\/03\/notes-gd35b4ae90_1920-edited-768x432.jpg 768w, https:\/\/verus.ee\/wp-content\/uploads\/2023\/03\/notes-gd35b4ae90_1920-edited-1536x864.jpg 1536w, https:\/\/verus.ee\/wp-content\/uploads\/2023\/03\/notes-gd35b4ae90_1920-edited-1200x675.jpg 1200w\" sizes=\"auto, (max-width: 1920px) 100vw, 1920px\" \/><\/figure>\n\n\n\n<h3 class=\"wp-block-heading\">Sisuloome<\/h3>\n\n\n\n<p>&nbsp;<\/p>\n<\/div>\n\n\n\n<div class=\"wp-block-group is-layout-flow wp-block-group-is-layout-flow\">\n<figure class=\"wp-block-image alignfull size-large\"><img loading=\"lazy\" decoding=\"async\" width=\"2560\" height=\"1440\" src=\"https:\/\/verus.ee\/wp-content\/uploads\/2023\/03\/pexels-mikhail-nilov-8845951-edited-1-scaled.jpg\" alt=\"\" class=\"wp-image-85\" srcset=\"https:\/\/verus.ee\/wp-content\/uploads\/2023\/03\/pexels-mikhail-nilov-8845951-edited-1-scaled.jpg 2560w, https:\/\/verus.ee\/wp-content\/uploads\/2023\/03\/pexels-mikhail-nilov-8845951-edited-1-300x169.jpg 300w, https:\/\/verus.ee\/wp-content\/uploads\/2023\/03\/pexels-mikhail-nilov-8845951-edited-1-1024x576.jpg 1024w, https:\/\/verus.ee\/wp-content\/uploads\/2023\/03\/pexels-mikhail-nilov-8845951-edited-1-768x432.jpg 768w, https:\/\/verus.ee\/wp-content\/uploads\/2023\/03\/pexels-mikhail-nilov-8845951-edited-1-1536x864.jpg 1536w, https:\/\/verus.ee\/wp-content\/uploads\/2023\/03\/pexels-mikhail-nilov-8845951-edited-1-2048x1152.jpg 2048w, https:\/\/verus.ee\/wp-content\/uploads\/2023\/03\/pexels-mikhail-nilov-8845951-edited-1-1200x675.jpg 1200w, https:\/\/verus.ee\/wp-content\/uploads\/2023\/03\/pexels-mikhail-nilov-8845951-edited-1-1980x1114.jpg 1980w\" sizes=\"auto, (max-width: 2560px) 100vw, 2560px\" \/><\/figure>\n\n\n\n<h3 class=\"wp-block-heading\">Kommunikatsioon<\/h3>\n<\/div>\n<\/div>\n<\/div>\n\n\n\n<div class=\"wp-block-group is-layout-constrained wp-block-group-is-layout-constrained\"><\/div>\n\n\n\n<div class=\"wp-block-group alignwide is-layout-flow wp-block-group-is-layout-flow\">\n<hr class=\"wp-block-separator has-alpha-channel-opacity\"\/>\n<\/div>\n\n\n\n<p class=\"has-text-align-center has-normal-font-size\">Olen Annika Lepp, kommunikatsioonispetsialist, M.Soc.Sci.<\/p>\n\n\n\n<p class=\"has-text-align-center has-normal-font-size\" id=\"verusest\">Kommunikatsiooni- ja turundusvaldkonnas olen t\u00e4naseks t\u00f6\u00f6tanud ligi 20 aastat, sealhulgas omanud ja juhtinud meediaseire ettev\u00f5tet <a href=\"https:\/\/meedius.ee\">Meedius Eesti O\u00dc<\/a>, konsulteerinud erinevate valdkondade ettev\u00f5tteid PR-agentuuris <a href=\"https:\/\/www.hkstrategies.com\/en\/\">Hill+Knowlton Strategies<\/a>, olnud sisuturundusjuhiks hotellidele <a href=\"https:\/\/viru.ee\">Viru<\/a> ja Estoria, kaasasutanud ja t\u00f6\u00f6tanud aastaid loomade eestkoste organisatsiooni <a href=\"https:\/\/loomus.ee\">MT\u00dc Loomus<\/a> kommunikatsiooni- ja turundusjuhina ning aluse pannud ja turundanud populaarset <a href=\"https:\/\/www.veganmess.ee\">Veganmessi<\/a>. T\u00e4na vean mh eest <a href=\"https:\/\/botaanikaaed.ee\/et\/\">Tallinna Botaanikaaia<\/a> turundust ja kommunikatsiooni ning abistan Majandus- ja Kommunikatsiooniministeeriumit <a href=\"https:\/\/realtimeeconomy.ee\">reaalajamajanduse<\/a> vallas.<\/p>\n\n\n\n<p class=\"has-text-align-center has-normal-font-size\">Mul on <a href=\"https:\/\/www.helsinki.fi\/en\">Helsingi \u00fclikooli<\/a> magistrikraad meedias ja globaalses kommunikatsioonis ning elektroonilise meedia bakalaureusekraad Concordia rahvusvahelise \u00fclikooli meediaprogrammist (t\u00e4nane <a href=\"https:\/\/www.tlu.ee\/bfm\">BFM<\/a>).<\/p>\n\n\n\n<p class=\"has-text-align-center has-normal-font-size\">Verus O\u00dc on alates 2011. aastast pakkunud erinevaid kommunikatsiooni- ja turundusteenuseid.<\/p>\n\n\n\n<p class=\"has-text-align-center has-normal-font-size\"><em>M\u00f5ned endised ja praegused kliendid: <br>Majandus- ja Kommunikatsiooniministeerium,<br>Keskkonnaministeeriumi Infotehnoloogiakeskus, <br>Eesti Keele Instituut, <br>Mustika Keskus, <br>Uku Keskus, <br>Terve Eesti SA, <br>Marta Pagar, <br>Veganfoodie.ee, <br>Aker Biomarine, <br>Green Valley Ventures, <br>Revolver Film<\/em><\/p>\n\n\n\n<div class=\"wp-block-group alignwide has-background is-layout-flow wp-block-group-is-layout-flow\" style=\"background-color:#ffffff\">\n<div class=\"wp-block-group is-layout-flow wp-block-group-is-layout-flow\">\n<h2 class=\"has-text-align-center wp-block-heading\">Tee end n\u00e4htavaks!<\/h2>\n\n\n\n<p class=\"has-text-align-center\">Saame kokku ja peame n\u00f5u.<\/p>\n\n\n\n<div class=\"wp-block-buttons is-layout-flex wp-block-buttons-is-layout-flex\">\n<div class=\"wp-block-button aligncenter\"><a class=\"wp-block-button__link has-background wp-element-button\" href=\"mailto:annikalepp@gmail.com\" style=\"background-color:#fe7171\" target=\"_blank\" rel=\"noreferrer noopener\">Kirjuta mulle<\/a><\/div>\n<\/div>\n<\/div>\n<\/div>\n","protected":false},"excerpt":{"rendered":"<p>Sul on hea toode v\u00f5i teenus, kuid kliendid ei leia Sind \u00fcles? Sa ei tea, kuidas ja milliste kanalite kaudu oma s\u00f5numeid levitada? Sul pole mahti ise oma infokanaleid hallata? Sa tahad tegeleda oma p\u00f5hit\u00f6\u00f6ga, mitte nuputada igap\u00e4evaseid turundustekste v\u00f5i kirjutada pressiteateid? Sa tead, mida \u00f6elda tahad, kuid ei tea, kuidas? Siis oled \u00f5iges kohas. [&hellip;]<\/p>\n","protected":false},"author":1,"featured_media":12,"parent":0,"menu_order":0,"comment_status":"closed","ping_status":"closed","template":"","meta":{"_monsterinsights_skip_tracking":false,"_monsterinsights_sitenote_active":false,"_monsterinsights_sitenote_note":"","_monsterinsights_sitenote_category":0,"_uf_show_specific_survey":0,"_uf_disable_surveys":false,"_themeisle_gutenberg_block_has_review":false,"footnotes":""},"class_list":["post-7","page","type-page","status-publish","has-post-thumbnail","hentry"],"yoast_head":"<!-- This site is optimized with the Yoast SEO plugin v27.4 - https:\/\/yoast.com\/product\/yoast-seo-wordpress\/ -->\n<title>Sinu ettev\u00f5te n\u00e4htavaks ja s\u00f5num selgeks. - Verus<\/title>\n<meta name=\"description\" content=\"Kommunikatsioon ja turundus: sotsiaalmeedia kanalite haldus, digireklaamide seadistamine; meediat\u00f6\u00f6d ja tekstiloome (artiklid, pressiteated, uudised, blogitekstid, uudiskirjad).\" \/>\n<meta name=\"robots\" content=\"index, follow, max-snippet:-1, max-image-preview:large, max-video-preview:-1\" \/>\n<link rel=\"canonical\" href=\"https:\/\/verus.ee\/\" \/>\n<meta property=\"og:locale\" content=\"et_EE\" \/>\n<meta property=\"og:type\" content=\"article\" \/>\n<meta property=\"og:title\" content=\"Verus\" \/>\n<meta property=\"og:description\" content=\"Kommunikatsioon ja turundus: sotsiaalmeedia kanalite haldus, digireklaamide seadistamine; meediat\u00f6\u00f6d ja tekstiloome (artiklid, pressiteated, uudised, blogitekstid, uudiskirjad).\" \/>\n<meta property=\"og:url\" content=\"https:\/\/verus.ee\/\" \/>\n<meta property=\"og:site_name\" content=\"Verus\" \/>\n<meta property=\"article:modified_time\" content=\"2023-03-11T07:46:09+00:00\" \/>\n<meta property=\"og:image\" content=\"https:\/\/verus.ee\/wp-content\/uploads\/2023\/02\/pexels-mikhail-nilov-8845951-scaled.jpg\" \/>\n\t<meta property=\"og:image:width\" content=\"2560\" \/>\n\t<meta property=\"og:image:height\" content=\"1893\" \/>\n\t<meta property=\"og:image:type\" content=\"image\/jpeg\" \/>\n<meta name=\"twitter:card\" content=\"summary_large_image\" \/>\n<meta name=\"twitter:site\" content=\"@annikalepp\" \/>\n<meta name=\"twitter:label1\" content=\"Est. reading time\" \/>\n\t<meta name=\"twitter:data1\" content=\"3 minutit\" \/>\n<script type=\"application\/ld+json\" class=\"yoast-schema-graph\">{\"@context\":\"https:\\\/\\\/schema.org\",\"@graph\":[{\"@type\":\"WebPage\",\"@id\":\"https:\\\/\\\/verus.ee\\\/\",\"url\":\"https:\\\/\\\/verus.ee\\\/\",\"name\":\"Sinu ettev\u00f5te n\u00e4htavaks ja s\u00f5num selgeks. - Verus\",\"isPartOf\":{\"@id\":\"https:\\\/\\\/verus.ee\\\/#website\"},\"primaryImageOfPage\":{\"@id\":\"https:\\\/\\\/verus.ee\\\/#primaryimage\"},\"image\":{\"@id\":\"https:\\\/\\\/verus.ee\\\/#primaryimage\"},\"thumbnailUrl\":\"https:\\\/\\\/verus.ee\\\/wp-content\\\/uploads\\\/2023\\\/02\\\/pexels-vraj-shah-627361-scaled.jpg\",\"datePublished\":\"2023-02-26T18:59:05+00:00\",\"dateModified\":\"2023-03-11T07:46:09+00:00\",\"description\":\"Kommunikatsioon ja turundus: sotsiaalmeedia kanalite haldus, digireklaamide seadistamine; meediat\u00f6\u00f6d ja tekstiloome (artiklid, pressiteated, uudised, blogitekstid, uudiskirjad).\",\"breadcrumb\":{\"@id\":\"https:\\\/\\\/verus.ee\\\/#breadcrumb\"},\"inLanguage\":\"et\",\"potentialAction\":[{\"@type\":\"ReadAction\",\"target\":[\"https:\\\/\\\/verus.ee\\\/\"]}]},{\"@type\":\"ImageObject\",\"inLanguage\":\"et\",\"@id\":\"https:\\\/\\\/verus.ee\\\/#primaryimage\",\"url\":\"https:\\\/\\\/verus.ee\\\/wp-content\\\/uploads\\\/2023\\\/02\\\/pexels-vraj-shah-627361-scaled.jpg\",\"contentUrl\":\"https:\\\/\\\/verus.ee\\\/wp-content\\\/uploads\\\/2023\\\/02\\\/pexels-vraj-shah-627361-scaled.jpg\",\"width\":2560,\"height\":1702},{\"@type\":\"BreadcrumbList\",\"@id\":\"https:\\\/\\\/verus.ee\\\/#breadcrumb\",\"itemListElement\":[{\"@type\":\"ListItem\",\"position\":1,\"name\":\"Kodu\",\"item\":\"https:\\\/\\\/verus.ee\\\/\"},{\"@type\":\"ListItem\",\"position\":2,\"name\":\"Sinu ettev\u00f5te n\u00e4htavaks ja s\u00f5num selgeks.\"}]},{\"@type\":\"WebSite\",\"@id\":\"https:\\\/\\\/verus.ee\\\/#website\",\"url\":\"https:\\\/\\\/verus.ee\\\/\",\"name\":\"Verus\",\"description\":\"Kommunikatsiooniteenused, turundus, fotograafia, sisuloome, sotsiaalmeedia haldus\",\"publisher\":{\"@id\":\"https:\\\/\\\/verus.ee\\\/#organization\"},\"alternateName\":\"Verus\",\"potentialAction\":[{\"@type\":\"SearchAction\",\"target\":{\"@type\":\"EntryPoint\",\"urlTemplate\":\"https:\\\/\\\/verus.ee\\\/?s={search_term_string}\"},\"query-input\":{\"@type\":\"PropertyValueSpecification\",\"valueRequired\":true,\"valueName\":\"search_term_string\"}}],\"inLanguage\":\"et\"},{\"@type\":\"Organization\",\"@id\":\"https:\\\/\\\/verus.ee\\\/#organization\",\"name\":\"Verus O\u00dc\",\"alternateName\":\"Verus\",\"url\":\"https:\\\/\\\/verus.ee\\\/\",\"logo\":{\"@type\":\"ImageObject\",\"inLanguage\":\"et\",\"@id\":\"https:\\\/\\\/verus.ee\\\/#\\\/schema\\\/logo\\\/image\\\/\",\"url\":\"https:\\\/\\\/verus.ee\\\/wp-content\\\/uploads\\\/2023\\\/03\\\/VERUS.png\",\"contentUrl\":\"https:\\\/\\\/verus.ee\\\/wp-content\\\/uploads\\\/2023\\\/03\\\/VERUS.png\",\"width\":500,\"height\":500,\"caption\":\"Verus O\u00dc\"},\"image\":{\"@id\":\"https:\\\/\\\/verus.ee\\\/#\\\/schema\\\/logo\\\/image\\\/\"},\"sameAs\":[\"https:\\\/\\\/x.com\\\/annikalepp\",\"https:\\\/\\\/www.linkedin.com\\\/in\\\/annikalepp\\\/\",\"https:\\\/\\\/www.instagram.com\\\/annikalepp\\\/\"]}]}<\/script>\n<!-- \/ Yoast SEO plugin. -->","yoast_head_json":{"title":"Sinu ettev\u00f5te n\u00e4htavaks ja s\u00f5num selgeks. - Verus","description":"Kommunikatsioon ja turundus: sotsiaalmeedia kanalite haldus, digireklaamide seadistamine; meediat\u00f6\u00f6d ja tekstiloome (artiklid, pressiteated, uudised, blogitekstid, uudiskirjad).","robots":{"index":"index","follow":"follow","max-snippet":"max-snippet:-1","max-image-preview":"max-image-preview:large","max-video-preview":"max-video-preview:-1"},"canonical":"https:\/\/verus.ee\/","og_locale":"et_EE","og_type":"article","og_title":"Verus","og_description":"Kommunikatsioon ja turundus: sotsiaalmeedia kanalite haldus, digireklaamide seadistamine; meediat\u00f6\u00f6d ja tekstiloome (artiklid, pressiteated, uudised, blogitekstid, uudiskirjad).","og_url":"https:\/\/verus.ee\/","og_site_name":"Verus","article_modified_time":"2023-03-11T07:46:09+00:00","og_image":[{"width":2560,"height":1893,"url":"https:\/\/verus.ee\/wp-content\/uploads\/2023\/02\/pexels-mikhail-nilov-8845951-scaled.jpg","type":"image\/jpeg"}],"twitter_card":"summary_large_image","twitter_site":"@annikalepp","twitter_misc":{"Est. reading time":"3 minutit"},"schema":{"@context":"https:\/\/schema.org","@graph":[{"@type":"WebPage","@id":"https:\/\/verus.ee\/","url":"https:\/\/verus.ee\/","name":"Sinu ettev\u00f5te n\u00e4htavaks ja s\u00f5num selgeks. - Verus","isPartOf":{"@id":"https:\/\/verus.ee\/#website"},"primaryImageOfPage":{"@id":"https:\/\/verus.ee\/#primaryimage"},"image":{"@id":"https:\/\/verus.ee\/#primaryimage"},"thumbnailUrl":"https:\/\/verus.ee\/wp-content\/uploads\/2023\/02\/pexels-vraj-shah-627361-scaled.jpg","datePublished":"2023-02-26T18:59:05+00:00","dateModified":"2023-03-11T07:46:09+00:00","description":"Kommunikatsioon ja turundus: sotsiaalmeedia kanalite haldus, digireklaamide seadistamine; meediat\u00f6\u00f6d ja tekstiloome (artiklid, pressiteated, uudised, blogitekstid, uudiskirjad).","breadcrumb":{"@id":"https:\/\/verus.ee\/#breadcrumb"},"inLanguage":"et","potentialAction":[{"@type":"ReadAction","target":["https:\/\/verus.ee\/"]}]},{"@type":"ImageObject","inLanguage":"et","@id":"https:\/\/verus.ee\/#primaryimage","url":"https:\/\/verus.ee\/wp-content\/uploads\/2023\/02\/pexels-vraj-shah-627361-scaled.jpg","contentUrl":"https:\/\/verus.ee\/wp-content\/uploads\/2023\/02\/pexels-vraj-shah-627361-scaled.jpg","width":2560,"height":1702},{"@type":"BreadcrumbList","@id":"https:\/\/verus.ee\/#breadcrumb","itemListElement":[{"@type":"ListItem","position":1,"name":"Kodu","item":"https:\/\/verus.ee\/"},{"@type":"ListItem","position":2,"name":"Sinu ettev\u00f5te n\u00e4htavaks ja s\u00f5num selgeks."}]},{"@type":"WebSite","@id":"https:\/\/verus.ee\/#website","url":"https:\/\/verus.ee\/","name":"Verus","description":"Kommunikatsiooniteenused, turundus, fotograafia, sisuloome, sotsiaalmeedia haldus","publisher":{"@id":"https:\/\/verus.ee\/#organization"},"alternateName":"Verus","potentialAction":[{"@type":"SearchAction","target":{"@type":"EntryPoint","urlTemplate":"https:\/\/verus.ee\/?s={search_term_string}"},"query-input":{"@type":"PropertyValueSpecification","valueRequired":true,"valueName":"search_term_string"}}],"inLanguage":"et"},{"@type":"Organization","@id":"https:\/\/verus.ee\/#organization","name":"Verus O\u00dc","alternateName":"Verus","url":"https:\/\/verus.ee\/","logo":{"@type":"ImageObject","inLanguage":"et","@id":"https:\/\/verus.ee\/#\/schema\/logo\/image\/","url":"https:\/\/verus.ee\/wp-content\/uploads\/2023\/03\/VERUS.png","contentUrl":"https:\/\/verus.ee\/wp-content\/uploads\/2023\/03\/VERUS.png","width":500,"height":500,"caption":"Verus O\u00dc"},"image":{"@id":"https:\/\/verus.ee\/#\/schema\/logo\/image\/"},"sameAs":["https:\/\/x.com\/annikalepp","https:\/\/www.linkedin.com\/in\/annikalepp\/","https:\/\/www.instagram.com\/annikalepp\/"]}]}},"_links":{"self":[{"href":"https:\/\/verus.ee\/index.php\/wp-json\/wp\/v2\/pages\/7","targetHints":{"allow":["GET"]}}],"collection":[{"href":"https:\/\/verus.ee\/index.php\/wp-json\/wp\/v2\/pages"}],"about":[{"href":"https:\/\/verus.ee\/index.php\/wp-json\/wp\/v2\/types\/page"}],"author":[{"embeddable":true,"href":"https:\/\/verus.ee\/index.php\/wp-json\/wp\/v2\/users\/1"}],"replies":[{"embeddable":true,"href":"https:\/\/verus.ee\/index.php\/wp-json\/wp\/v2\/comments?post=7"}],"version-history":[{"count":17,"href":"https:\/\/verus.ee\/index.php\/wp-json\/wp\/v2\/pages\/7\/revisions"}],"predecessor-version":[{"id":246,"href":"https:\/\/verus.ee\/index.php\/wp-json\/wp\/v2\/pages\/7\/revisions\/246"}],"wp:featuredmedia":[{"embeddable":true,"href":"https:\/\/verus.ee\/index.php\/wp-json\/wp\/v2\/media\/12"}],"wp:attachment":[{"href":"https:\/\/verus.ee\/index.php\/wp-json\/wp\/v2\/media?parent=7"}],"curies":[{"name":"wp","href":"https:\/\/api.w.org\/{rel}","templated":true}]}}