{"id":76,"date":"2023-02-26T20:48:41","date_gmt":"2023-02-26T20:48:41","guid":{"rendered":"https:\/\/verus.ee\/?page_id=76"},"modified":"2026-02-03T16:43:48","modified_gmt":"2026-02-03T16:43:48","slug":"verus_annika_lepp","status":"publish","type":"page","link":"https:\/\/verus.ee\/index.php\/verus_annika_lepp\/","title":{"rendered":"Verus"},"content":{"rendered":"\n<p><\/p>\n\n\n\n<p><br><a href=\"http:\/\/www.verus.ee\">Verus O\u00dc<\/a> on alates 2011. aastast pakkunud erinevaid kommunikatsiooni- ja turundus- ning fototeenuseid.<br><br><\/p>\n\n\n\n<p class=\"has-link-color wp-elements-ea2382d6f3e0a88dd8eaa89dfa8f6965\">M\u00f5ned endised ja praegused kliendid: <a href=\"https:\/\/www.mkm.ee\">Majandus- ja Kommunikatsiooniministeerium<\/a>, <a href=\"https:\/\/www.kemit.ee\/et\">Keskkonnaministeeriumi Infotehnoloogiakeskus<\/a>, <a href=\"https:\/\/martapagar.ee\">Marta Pagar<\/a>, <a href=\"https:\/\/mustikas.ee\/kategooriad\/teenused\/\">Mustika Keskus<\/a>, <a href=\"https:\/\/www.ukukeskus.ee\">Uku Keskus<\/a>,<a href=\"http:\/\/www.terve-eesti.ee\"> Terve Eesti SA<\/a>, <a href=\"https:\/\/veganfoodie.ee\">Veganfoodie.ee<\/a>, <a href=\"https:\/\/www.akerbiomarine.com\">Aker Biomarine<\/a>, <a href=\"https:\/\/tilk.bio\/et\/\">Tilk!<\/a>, <a href=\"https:\/\/revolver.ee\">Revolver Film<\/a>, <a href=\"https:\/\/portaal.eki.ee\">Eesti Keele Instituut<\/a>, <a href=\"https:\/\/www.kittlemood.ee\/en\/\">KittleMood<\/a>, <a href=\"https:\/\/tuub.ee\/et\/\">Tuub<\/a>, <a href=\"https:\/\/nuckofashion.ee\">Nuck\u00f6 Fashion<\/a>, <a href=\"https:\/\/taniaselart.ee\">Personaaltreener Tania Selart<\/a>, <a href=\"https:\/\/veinimess.ee\">Veinimess<\/a><br><br><\/p>\n\n\n\n<figure class=\"wp-block-image size-large\"><img loading=\"lazy\" decoding=\"async\" width=\"683\" height=\"1024\" src=\"https:\/\/verus.ee\/wp-content\/uploads\/2024\/02\/Annika-Lepp-Verus-683x1024.jpg\" alt=\"\" class=\"wp-image-294\" srcset=\"https:\/\/verus.ee\/wp-content\/uploads\/2024\/02\/Annika-Lepp-Verus-683x1024.jpg 683w, https:\/\/verus.ee\/wp-content\/uploads\/2024\/02\/Annika-Lepp-Verus-200x300.jpg 200w, https:\/\/verus.ee\/wp-content\/uploads\/2024\/02\/Annika-Lepp-Verus-768x1152.jpg 768w, https:\/\/verus.ee\/wp-content\/uploads\/2024\/02\/Annika-Lepp-Verus-1024x1536.jpg 1024w, https:\/\/verus.ee\/wp-content\/uploads\/2024\/02\/Annika-Lepp-Verus.jpg 1257w\" sizes=\"auto, (max-width: 683px) 100vw, 683px\" \/><figcaption class=\"wp-element-caption\">Foto: Maria Roosaare<\/figcaption><\/figure>\n\n\n\n<p class=\"has-text-align-left has-normal-font-size\">Olen <a href=\"https:\/\/verus.ee\/index.php\/verus_annika_lepp\/\">Annika Lepp<\/a>, kommunikatsioonispetsialist, M.Soc.Sci.   <br><br><\/p>\n\n\n\n<p class=\"has-text-align-left has-link-color has-normal-font-size wp-elements-adfa2c800fdaee8632b2e92f854ed64f\" id=\"verusest\">Kommunikatsiooni- ja turundusvaldkonnas olen t\u00e4naseks t\u00f6\u00f6tanud ligi 20 aastat, sealhulgas omanud ja juhtinud meediaseire ettev\u00f5tet <a href=\"https:\/\/meedius.ee\">Meedius Eesti O\u00dc<\/a>, konsulteerinud erinevate valdkondade ettev\u00f5tteid PR-agentuuris <a href=\"https:\/\/www.hkstrategies.com\/en\/\">Hill+Knowlton Strategies<\/a>, olnud sisuturundusjuhiks hotellidele <a href=\"https:\/\/viru.ee\">Viru<\/a> ja Estoria, kaasasutanud ja t\u00f6\u00f6tanud aastaid loomade eestkoste organisatsiooni <a href=\"https:\/\/loomus.ee\">MT\u00dc Loomus<\/a> kommunikatsiooni- ja turundusjuhina ning aluse pannud ja turundanud populaarset <a href=\"https:\/\/www.veganmess.ee\">Veganmessi<\/a>, mis toimub iga-aastaselt Kultuurikatlas. T\u00e4na vean eest <a href=\"https:\/\/botaanikaaed.ee\/et\/\">Tallinna Botaanikaaia<\/a> turundust ja kommunikatsiooni ning toetan Majandus- ja Kommunikatsiooniministeeriumit <a href=\"https:\/\/realtimeeconomy.ee\">reaalajamajanduse<\/a> ja <a href=\"https:\/\/www.eesti.ee\/ettevotja\/et\">eesti.ee ettev\u00f5tjale<\/a> turunduses ja kommunikatsioonis ning olen kommunikatsioonipartneriks <a href=\"https:\/\/interreg-baltic.eu\/projects\/\">Interregi projektile<\/a>, mille eesm\u00e4rk on luua v\u00e4ike- ja keskmise suurusega ettev\u00f5tetele kestlikkuse aruandluse t\u00f6\u00f6riist <a href=\"http:\/\/esgtool.eu\">ESG Tool<\/a>.<br><br><\/p>\n\n\n\n<p><em>Haridus:<\/em><br><br>2009-2011   <a href=\"https:\/\/www.helsinki.fi\/en\">HELSINGI \u00dcLIKOOL<\/a> <em>magna cum laude approbatur&nbsp;<\/em><br>Meedia ja globaalne kommunikatsioon, M.Soc.Sci<br><\/p>\n\n\n\n<p><\/p>\n\n\n\n<p><br>1997-2002   CONCORDIA RAHVUSVAHELINE \u00dcLIKOOL EESTIS (<a href=\"https:\/\/www.tlu.ee\/en\/bfm\">BFM<\/a>)<br>Elektrooniline meedia, BA<br><\/p>\n\n\n\n<p><br><\/p>\n\n\n\n<p>1986-1997   <a href=\"https:\/\/21k.ee\">TALLINNA 21. KESKKOOL<\/a><br><br><\/p>\n\n\n\n<p class=\"has-text-align-left has-normal-font-size\"><em>T\u00e4iendkoolitused:<\/em><br><\/p>\n\n\n\n<p><br>2006-2007   \u00c4RIJUHTIMISE INTENSIIVKURSUS<br><a href=\"https:\/\/ut.ee\/et\/avaleht\">Tartu \u00dclikooli avatud \u00fclikool<\/a> (majandusteaduskond), maht 31 EAP: ettev\u00f5tte strateegia kujundamine, ettev\u00f5tluskeskkond, turunduse juhtimine, finantsanal\u00fc\u00fcs, uute \u00e4riv\u00f5imaluste loomine, finantsjuhtimine, personali juhtimine, organisatsioonik\u00e4itumine, rahvusvaheline \u00e4rikeskkond&nbsp;<br><br><\/p>\n\n\n\n<p><\/p>\n\n\n\n<p>2010   V\u00c4LISKORRESPONDENTSI \u00d5PPEMOODUL &nbsp;<br><a href=\"https:\/\/www.helsinki.fi\/en\/swedish-school-social-science\">Swedish School of Social Sciences,<\/a> Helsingi \u00dclikool<br><br>08\/2014   KOMMUNIKATSIOON INIMESTE K\u00c4ITUMIS- JA M\u00d5TLEMISHARJUMUSTE MUUTMISEL<br><a href=\"https:\/\/ut.ee\/et\/suveulikool\">Tartu \u00dclikooli suve\u00fclikool<\/a>, maht 8 EAP<br><br>03\/2023   PRAKTILINE FACEBOOKI JA INSTAGRAMI KOOLITUS<br><a href=\"https:\/\/akadeemia.aripaev.ee\/teemad\/turundus\">\u00c4rip\u00e4eva Akadeemia<\/a>, maht 8 EAP<br><br>02\/2024   SEO KOOLITUS<br><a href=\"https:\/\/turundustreff.ee\">Turundustreff.ee<\/a><br><br>2012-2015   ERINEVAD FOTOKOOLITUSED<br><a href=\"https:\/\/www.eestifoto.ee\">Eestifoto<\/a> kool (Kaupo Kikkas), Viimsi Foto (Kristjan Rosin), <a href=\"https:\/\/35mm.ee\">35mm.ee<\/a> (Viktor Ko\u0161kin, Kristjan Lepp), Ideestuudio (Martin Vuks). Valdkonnad: loodusfoto, stuudiofoto, Photoshop ja Lightroom<\/p>\n\n\n\n<p><\/p>\n\n\n\n<p><\/p>\n\n\n\n<p><\/p>\n\n\n\n<p><br>2024-2025   <a href=\"https:\/\/www.artun.ee\/et\/avatud-akadeemia\/fotokunsti-akadeemia-6\/\">Eesti Kunstiakadeemia<\/a>&nbsp;avatud akadeemia&nbsp;<a href=\"https:\/\/www.artun.ee\/et\/avatud-akadeemia\/fotokunsti-akadeemia-6\/\">kursus \u201cFotokunsti akadeemia\u201d<\/a>&nbsp;(24 EAP ehk 624 akadeemilist tundi)<\/p>\n\n\n\n<p><br><br><br><mark style=\"background-color:rgba(0, 0, 0, 0)\" class=\"has-inline-color has-raft-fg-color\">Minuga saad \u00fchendust telefonil<\/mark><mark style=\"background-color:rgba(0, 0, 0, 0)\" class=\"has-inline-color has-raft-accent-color\">+372 55 165 64 <\/mark><mark style=\"background-color:rgba(0, 0, 0, 0)\" class=\"has-inline-color has-raft-fg-color\">v\u00f5i e-posti kaudu<\/mark> annikalepp@gmail.com.<br><br><br><br><\/p>\n","protected":false},"excerpt":{"rendered":"<p>Verus O\u00dc on alates 2011. aastast pakkunud erinevaid kommunikatsiooni- ja turundus- ning fototeenuseid. M\u00f5ned endised ja praegused kliendid: Majandus- ja Kommunikatsiooniministeerium, Keskkonnaministeeriumi Infotehnoloogiakeskus, Marta Pagar, Mustika Keskus, Uku Keskus, Terve Eesti SA, Veganfoodie.ee, Aker Biomarine, Tilk!, Revolver Film, Eesti Keele Instituut, KittleMood, Tuub, Nuck\u00f6 Fashion, Personaaltreener Tania Selart, Veinimess Olen Annika Lepp, kommunikatsioonispetsialist, M.Soc.Sci. Kommunikatsiooni- [&hellip;]<\/p>\n","protected":false},"author":1,"featured_media":278,"parent":0,"menu_order":0,"comment_status":"closed","ping_status":"closed","template":"","meta":{"_monsterinsights_skip_tracking":false,"_monsterinsights_sitenote_active":false,"_monsterinsights_sitenote_note":"","_monsterinsights_sitenote_category":0,"_uf_show_specific_survey":0,"_uf_disable_surveys":false,"_themeisle_gutenberg_block_has_review":false,"footnotes":""},"class_list":["post-76","page","type-page","status-publish","has-post-thumbnail","hentry"],"yoast_head":"<!-- This site is optimized with the Yoast SEO plugin v27.4 - https:\/\/yoast.com\/product\/yoast-seo-wordpress\/ -->\n<title>Teenused - Verus - turundus ja kommunikatsioon<\/title>\n<meta name=\"description\" content=\"Verus O\u00dc on alates 2011. aastast pakkunud erinevaid kommunikatsiooni- ja turundusteenuseid. Pakume sotsiaalmeedia kanalite loomist ja haldust, sh reklaamide koostamist ja seadistamist (Meta Business, Facebook, Instagram, TikTok, Google Ads); kodulehtede sisu haldust, tekstiloomet (artiklid, pressiteated, uudised, blogitekstid ja sisuloome); kommunikatsiooni konsultatsioone; koolitusi (meediat\u00f6\u00f6, avalikud suhted, digitaalne turundus, kampaaniad); meediat\u00f6\u00f6d (artiklite initsieerimine, pressiteadete edastamine, meedialistide koostamine, meediasuhted); k\u00f5neisikute konsultatsioone; uudiskirjade loomist ja edastamist; kommunikatsioonistrateegia ja -plaanide koostamist; professionaalseid fototeenuseid\" \/>\n<meta name=\"robots\" content=\"index, follow, max-snippet:-1, max-image-preview:large, max-video-preview:-1\" \/>\n<link rel=\"canonical\" href=\"https:\/\/verus.ee\/index.php\/verus_annika_lepp\/\" \/>\n<meta property=\"og:locale\" content=\"et_EE\" \/>\n<meta property=\"og:type\" content=\"article\" \/>\n<meta property=\"og:title\" content=\"Teenused - Verus - turundus ja kommunikatsioon\" \/>\n<meta property=\"og:description\" content=\"Verus O\u00dc on alates 2011. aastast pakkunud erinevaid kommunikatsiooni- ja turundusteenuseid. Pakume sotsiaalmeedia kanalite loomist ja haldust, sh reklaamide koostamist ja seadistamist (Meta Business, Facebook, Instagram, TikTok, Google Ads); kodulehtede sisu haldust, tekstiloomet (artiklid, pressiteated, uudised, blogitekstid ja sisuloome); kommunikatsiooni konsultatsioone; koolitusi (meediat\u00f6\u00f6, avalikud suhted, digitaalne turundus, kampaaniad); meediat\u00f6\u00f6d (artiklite initsieerimine, pressiteadete edastamine, meedialistide koostamine, meediasuhted); k\u00f5neisikute konsultatsioone; uudiskirjade loomist ja edastamist; kommunikatsioonistrateegia ja -plaanide koostamist; professionaalseid fototeenuseid\" \/>\n<meta property=\"og:url\" content=\"https:\/\/verus.ee\/index.php\/verus_annika_lepp\/\" \/>\n<meta property=\"og:site_name\" content=\"Verus\" \/>\n<meta property=\"article:modified_time\" content=\"2026-02-03T16:43:48+00:00\" \/>\n<meta property=\"og:image\" content=\"https:\/\/verus.ee\/wp-content\/uploads\/2023\/08\/cropped-Verus-logo.jpg\" \/>\n\t<meta property=\"og:image:width\" content=\"512\" \/>\n\t<meta property=\"og:image:height\" content=\"512\" \/>\n\t<meta property=\"og:image:type\" content=\"image\/jpeg\" \/>\n<meta name=\"twitter:card\" content=\"summary_large_image\" \/>\n<meta name=\"twitter:site\" content=\"@annikalepp\" \/>\n<meta name=\"twitter:label1\" content=\"Est. reading time\" \/>\n\t<meta name=\"twitter:data1\" content=\"2 minutit\" \/>\n<script type=\"application\/ld+json\" class=\"yoast-schema-graph\">{\"@context\":\"https:\\\/\\\/schema.org\",\"@graph\":[{\"@type\":\"WebPage\",\"@id\":\"https:\\\/\\\/verus.ee\\\/index.php\\\/verus_annika_lepp\\\/\",\"url\":\"https:\\\/\\\/verus.ee\\\/index.php\\\/verus_annika_lepp\\\/\",\"name\":\"Teenused - Verus - turundus ja kommunikatsioon\",\"isPartOf\":{\"@id\":\"https:\\\/\\\/verus.ee\\\/#website\"},\"primaryImageOfPage\":{\"@id\":\"https:\\\/\\\/verus.ee\\\/index.php\\\/verus_annika_lepp\\\/#primaryimage\"},\"image\":{\"@id\":\"https:\\\/\\\/verus.ee\\\/index.php\\\/verus_annika_lepp\\\/#primaryimage\"},\"thumbnailUrl\":\"https:\\\/\\\/verus.ee\\\/wp-content\\\/uploads\\\/2023\\\/08\\\/cropped-Verus-logo.jpg\",\"datePublished\":\"2023-02-26T20:48:41+00:00\",\"dateModified\":\"2026-02-03T16:43:48+00:00\",\"description\":\"Verus O\u00dc on alates 2011. aastast pakkunud erinevaid kommunikatsiooni- ja turundusteenuseid. Pakume sotsiaalmeedia kanalite loomist ja haldust, sh reklaamide koostamist ja seadistamist (Meta Business, Facebook, Instagram, TikTok, Google Ads); kodulehtede sisu haldust, tekstiloomet (artiklid, pressiteated, uudised, blogitekstid ja sisuloome); kommunikatsiooni konsultatsioone; koolitusi (meediat\u00f6\u00f6, avalikud suhted, digitaalne turundus, kampaaniad); meediat\u00f6\u00f6d (artiklite initsieerimine, pressiteadete edastamine, meedialistide koostamine, meediasuhted); k\u00f5neisikute konsultatsioone; uudiskirjade loomist ja edastamist; kommunikatsioonistrateegia ja -plaanide koostamist; professionaalseid fototeenuseid\",\"breadcrumb\":{\"@id\":\"https:\\\/\\\/verus.ee\\\/index.php\\\/verus_annika_lepp\\\/#breadcrumb\"},\"inLanguage\":\"et\",\"potentialAction\":[{\"@type\":\"ReadAction\",\"target\":[\"https:\\\/\\\/verus.ee\\\/index.php\\\/verus_annika_lepp\\\/\"]}]},{\"@type\":\"ImageObject\",\"inLanguage\":\"et\",\"@id\":\"https:\\\/\\\/verus.ee\\\/index.php\\\/verus_annika_lepp\\\/#primaryimage\",\"url\":\"https:\\\/\\\/verus.ee\\\/wp-content\\\/uploads\\\/2023\\\/08\\\/cropped-Verus-logo.jpg\",\"contentUrl\":\"https:\\\/\\\/verus.ee\\\/wp-content\\\/uploads\\\/2023\\\/08\\\/cropped-Verus-logo.jpg\",\"width\":512,\"height\":512,\"caption\":\"Verus Annika Lepp turundus kommunikatsioon fotograafia\"},{\"@type\":\"BreadcrumbList\",\"@id\":\"https:\\\/\\\/verus.ee\\\/index.php\\\/verus_annika_lepp\\\/#breadcrumb\",\"itemListElement\":[{\"@type\":\"ListItem\",\"position\":1,\"name\":\"Kodu\",\"item\":\"https:\\\/\\\/verus.ee\\\/\"},{\"@type\":\"ListItem\",\"position\":2,\"name\":\"Verus\"}]},{\"@type\":\"WebSite\",\"@id\":\"https:\\\/\\\/verus.ee\\\/#website\",\"url\":\"https:\\\/\\\/verus.ee\\\/\",\"name\":\"Verus\",\"description\":\"Kommunikatsiooniteenused, turundus, fotograafia, sisuloome, sotsiaalmeedia haldus\",\"publisher\":{\"@id\":\"https:\\\/\\\/verus.ee\\\/#organization\"},\"alternateName\":\"Verus\",\"potentialAction\":[{\"@type\":\"SearchAction\",\"target\":{\"@type\":\"EntryPoint\",\"urlTemplate\":\"https:\\\/\\\/verus.ee\\\/?s={search_term_string}\"},\"query-input\":{\"@type\":\"PropertyValueSpecification\",\"valueRequired\":true,\"valueName\":\"search_term_string\"}}],\"inLanguage\":\"et\"},{\"@type\":\"Organization\",\"@id\":\"https:\\\/\\\/verus.ee\\\/#organization\",\"name\":\"Verus O\u00dc\",\"alternateName\":\"Verus\",\"url\":\"https:\\\/\\\/verus.ee\\\/\",\"logo\":{\"@type\":\"ImageObject\",\"inLanguage\":\"et\",\"@id\":\"https:\\\/\\\/verus.ee\\\/#\\\/schema\\\/logo\\\/image\\\/\",\"url\":\"https:\\\/\\\/verus.ee\\\/wp-content\\\/uploads\\\/2023\\\/03\\\/VERUS.png\",\"contentUrl\":\"https:\\\/\\\/verus.ee\\\/wp-content\\\/uploads\\\/2023\\\/03\\\/VERUS.png\",\"width\":500,\"height\":500,\"caption\":\"Verus O\u00dc\"},\"image\":{\"@id\":\"https:\\\/\\\/verus.ee\\\/#\\\/schema\\\/logo\\\/image\\\/\"},\"sameAs\":[\"https:\\\/\\\/x.com\\\/annikalepp\",\"https:\\\/\\\/www.linkedin.com\\\/in\\\/annikalepp\\\/\",\"https:\\\/\\\/www.instagram.com\\\/annikalepp\\\/\"]}]}<\/script>\n<!-- \/ Yoast SEO plugin. -->","yoast_head_json":{"title":"Teenused - Verus - turundus ja kommunikatsioon","description":"Verus O\u00dc on alates 2011. aastast pakkunud erinevaid kommunikatsiooni- ja turundusteenuseid. Pakume sotsiaalmeedia kanalite loomist ja haldust, sh reklaamide koostamist ja seadistamist (Meta Business, Facebook, Instagram, TikTok, Google Ads); kodulehtede sisu haldust, tekstiloomet (artiklid, pressiteated, uudised, blogitekstid ja sisuloome); kommunikatsiooni konsultatsioone; koolitusi (meediat\u00f6\u00f6, avalikud suhted, digitaalne turundus, kampaaniad); meediat\u00f6\u00f6d (artiklite initsieerimine, pressiteadete edastamine, meedialistide koostamine, meediasuhted); k\u00f5neisikute konsultatsioone; uudiskirjade loomist ja edastamist; kommunikatsioonistrateegia ja -plaanide koostamist; professionaalseid fototeenuseid","robots":{"index":"index","follow":"follow","max-snippet":"max-snippet:-1","max-image-preview":"max-image-preview:large","max-video-preview":"max-video-preview:-1"},"canonical":"https:\/\/verus.ee\/index.php\/verus_annika_lepp\/","og_locale":"et_EE","og_type":"article","og_title":"Teenused - Verus - turundus ja kommunikatsioon","og_description":"Verus O\u00dc on alates 2011. aastast pakkunud erinevaid kommunikatsiooni- ja turundusteenuseid. Pakume sotsiaalmeedia kanalite loomist ja haldust, sh reklaamide koostamist ja seadistamist (Meta Business, Facebook, Instagram, TikTok, Google Ads); kodulehtede sisu haldust, tekstiloomet (artiklid, pressiteated, uudised, blogitekstid ja sisuloome); kommunikatsiooni konsultatsioone; koolitusi (meediat\u00f6\u00f6, avalikud suhted, digitaalne turundus, kampaaniad); meediat\u00f6\u00f6d (artiklite initsieerimine, pressiteadete edastamine, meedialistide koostamine, meediasuhted); k\u00f5neisikute konsultatsioone; uudiskirjade loomist ja edastamist; kommunikatsioonistrateegia ja -plaanide koostamist; professionaalseid fototeenuseid","og_url":"https:\/\/verus.ee\/index.php\/verus_annika_lepp\/","og_site_name":"Verus","article_modified_time":"2026-02-03T16:43:48+00:00","og_image":[{"width":512,"height":512,"url":"https:\/\/verus.ee\/wp-content\/uploads\/2023\/08\/cropped-Verus-logo.jpg","type":"image\/jpeg"}],"twitter_card":"summary_large_image","twitter_site":"@annikalepp","twitter_misc":{"Est. reading time":"2 minutit"},"schema":{"@context":"https:\/\/schema.org","@graph":[{"@type":"WebPage","@id":"https:\/\/verus.ee\/index.php\/verus_annika_lepp\/","url":"https:\/\/verus.ee\/index.php\/verus_annika_lepp\/","name":"Teenused - Verus - turundus ja kommunikatsioon","isPartOf":{"@id":"https:\/\/verus.ee\/#website"},"primaryImageOfPage":{"@id":"https:\/\/verus.ee\/index.php\/verus_annika_lepp\/#primaryimage"},"image":{"@id":"https:\/\/verus.ee\/index.php\/verus_annika_lepp\/#primaryimage"},"thumbnailUrl":"https:\/\/verus.ee\/wp-content\/uploads\/2023\/08\/cropped-Verus-logo.jpg","datePublished":"2023-02-26T20:48:41+00:00","dateModified":"2026-02-03T16:43:48+00:00","description":"Verus O\u00dc on alates 2011. aastast pakkunud erinevaid kommunikatsiooni- ja turundusteenuseid. Pakume sotsiaalmeedia kanalite loomist ja haldust, sh reklaamide koostamist ja seadistamist (Meta Business, Facebook, Instagram, TikTok, Google Ads); kodulehtede sisu haldust, tekstiloomet (artiklid, pressiteated, uudised, blogitekstid ja sisuloome); kommunikatsiooni konsultatsioone; koolitusi (meediat\u00f6\u00f6, avalikud suhted, digitaalne turundus, kampaaniad); meediat\u00f6\u00f6d (artiklite initsieerimine, pressiteadete edastamine, meedialistide koostamine, meediasuhted); k\u00f5neisikute konsultatsioone; uudiskirjade loomist ja edastamist; kommunikatsioonistrateegia ja -plaanide koostamist; professionaalseid fototeenuseid","breadcrumb":{"@id":"https:\/\/verus.ee\/index.php\/verus_annika_lepp\/#breadcrumb"},"inLanguage":"et","potentialAction":[{"@type":"ReadAction","target":["https:\/\/verus.ee\/index.php\/verus_annika_lepp\/"]}]},{"@type":"ImageObject","inLanguage":"et","@id":"https:\/\/verus.ee\/index.php\/verus_annika_lepp\/#primaryimage","url":"https:\/\/verus.ee\/wp-content\/uploads\/2023\/08\/cropped-Verus-logo.jpg","contentUrl":"https:\/\/verus.ee\/wp-content\/uploads\/2023\/08\/cropped-Verus-logo.jpg","width":512,"height":512,"caption":"Verus Annika Lepp turundus kommunikatsioon fotograafia"},{"@type":"BreadcrumbList","@id":"https:\/\/verus.ee\/index.php\/verus_annika_lepp\/#breadcrumb","itemListElement":[{"@type":"ListItem","position":1,"name":"Kodu","item":"https:\/\/verus.ee\/"},{"@type":"ListItem","position":2,"name":"Verus"}]},{"@type":"WebSite","@id":"https:\/\/verus.ee\/#website","url":"https:\/\/verus.ee\/","name":"Verus","description":"Kommunikatsiooniteenused, turundus, fotograafia, sisuloome, sotsiaalmeedia haldus","publisher":{"@id":"https:\/\/verus.ee\/#organization"},"alternateName":"Verus","potentialAction":[{"@type":"SearchAction","target":{"@type":"EntryPoint","urlTemplate":"https:\/\/verus.ee\/?s={search_term_string}"},"query-input":{"@type":"PropertyValueSpecification","valueRequired":true,"valueName":"search_term_string"}}],"inLanguage":"et"},{"@type":"Organization","@id":"https:\/\/verus.ee\/#organization","name":"Verus O\u00dc","alternateName":"Verus","url":"https:\/\/verus.ee\/","logo":{"@type":"ImageObject","inLanguage":"et","@id":"https:\/\/verus.ee\/#\/schema\/logo\/image\/","url":"https:\/\/verus.ee\/wp-content\/uploads\/2023\/03\/VERUS.png","contentUrl":"https:\/\/verus.ee\/wp-content\/uploads\/2023\/03\/VERUS.png","width":500,"height":500,"caption":"Verus O\u00dc"},"image":{"@id":"https:\/\/verus.ee\/#\/schema\/logo\/image\/"},"sameAs":["https:\/\/x.com\/annikalepp","https:\/\/www.linkedin.com\/in\/annikalepp\/","https:\/\/www.instagram.com\/annikalepp\/"]}]}},"_links":{"self":[{"href":"https:\/\/verus.ee\/index.php\/wp-json\/wp\/v2\/pages\/76","targetHints":{"allow":["GET"]}}],"collection":[{"href":"https:\/\/verus.ee\/index.php\/wp-json\/wp\/v2\/pages"}],"about":[{"href":"https:\/\/verus.ee\/index.php\/wp-json\/wp\/v2\/types\/page"}],"author":[{"embeddable":true,"href":"https:\/\/verus.ee\/index.php\/wp-json\/wp\/v2\/users\/1"}],"replies":[{"embeddable":true,"href":"https:\/\/verus.ee\/index.php\/wp-json\/wp\/v2\/comments?post=76"}],"version-history":[{"count":32,"href":"https:\/\/verus.ee\/index.php\/wp-json\/wp\/v2\/pages\/76\/revisions"}],"predecessor-version":[{"id":378,"href":"https:\/\/verus.ee\/index.php\/wp-json\/wp\/v2\/pages\/76\/revisions\/378"}],"wp:featuredmedia":[{"embeddable":true,"href":"https:\/\/verus.ee\/index.php\/wp-json\/wp\/v2\/media\/278"}],"wp:attachment":[{"href":"https:\/\/verus.ee\/index.php\/wp-json\/wp\/v2\/media?parent=76"}],"curies":[{"name":"wp","href":"https:\/\/api.w.org\/{rel}","templated":true}]}}