{"id":8,"date":"2023-02-26T18:59:05","date_gmt":"2023-02-26T18:59:05","guid":{"rendered":"https:\/\/verus.ee\/?page_id=8"},"modified":"2025-11-10T19:00:25","modified_gmt":"2025-11-10T19:00:25","slug":"teenused","status":"publish","type":"page","link":"https:\/\/verus.ee\/index.php\/teenused\/","title":{"rendered":"Teenused"},"content":{"rendered":"\n<p class=\"has-link-color wp-elements-0f9eea06338e0cbd561137cd224826c3\"><br><strong><a href=\"https:\/\/verus.ee\/index.php\/verus-3\/\">Verus<\/a> pakub<\/strong><\/p>\n\n\n\n<ul class=\"wp-block-list\">\n<li><strong>Sotsiaalmeedia kanalite loomist ja haldust, sh reklaamide koostamist ja seadistamist (Meta Business, Facebook, Instagram, TikTok, Google Ads)<\/strong><br><br>Ettev\u00f5tte v\u00f5i br\u00e4ndi sotsiaalmeedia kontode loomine ja haldamine erinevatel platvormidel. Aitame j\u00f5uda sihtr\u00fchmani seal, kus nad juba aktiivselt aega veedavad ning loome tugevamaid suhteid kogukonnaga. Suurendame n\u00e4htavust ja aitame kasvatada m\u00fc\u00fcki v\u00f5i klientide arvu.<br><br><\/li>\n\n\n\n<li><strong>Kodulehtede sisu haldust ja SEO anal\u00fc\u00fcs<\/strong>i<br><br>Aitame hallata ja luua kodulehe sisu ning optimeerida seda otsingumootorite jaoks, tagades ettev\u00f5te v\u00f5i br\u00e4ndi leitavuse internetis. SEO aitab suurendada veebilehe liiklust ja tagab parema n\u00e4htavuse otsingutulemustes, mis omakorda suurendab potentsiaalsete klientide arvu.<br><br><\/li>\n\n\n\n<li><strong>Tekstiloomet<\/strong><br><br>Tekstiteenused h\u00f5lmavad mitmesuguseid formaate nagu artiklid, pressiteated, uudised ja blogipostitused, mis pakuvad ettev\u00f5tte sihtr\u00fchmale v\u00e4\u00e4rtuslikku sisu ning suurendavad br\u00e4ndi autoriteeti ja usaldusv\u00e4\u00e4rsust oma valdkonnas.<br><br><\/li>\n\n\n\n<li><strong>Kommunikatsiooni konsultatsioone<\/strong><br><br>Pakume n\u00f5ustamist ja juhiseid oma ettev\u00f5tte v\u00f5i br\u00e4ndi kommunikatsioonistrateegia ja -taktikate kohta.<br><br><\/li>\n\n\n\n<li><strong>Koolitusi<\/strong><br><br>Pakutavad koolitused h\u00f5lmavad erinevaid teemasid nagu meediat\u00f6\u00f6, digitaalne turundus ja kampaaniate korraldamine. Koolitused annavad vajalikud teadmised ja praktilised oskused, et paremini m\u00f5ista ja rakendada oma ettev\u00f5tte v\u00f5i br\u00e4ndi kommunikatsioonistrateegiat ning saavutada soovitud eesm\u00e4rke.<br><br><\/li>\n\n\n\n<li><strong>Meediat\u00f6\u00f6d (artiklite initsieerimine, pressiteadete edastamine, meedialistide koostamine, meediasuhted)<\/strong><br><br>Aitame suurendada s\u00f5numi kohalej\u00f5udmist v\u00f5i br\u00e4ndi n\u00e4htavust meedias l\u00e4bi artiklite ja lugude initsieerimise, pressiteadete koostamise ja edastamise ning l\u00e4bi suhete loomise meediaesindajatega.<br><br><\/li>\n\n\n\n<li><strong>K\u00f5neisikute konsultatsioone (13 aastat k\u00f5neisiku kogemust)<\/strong><br><br>Aitame parandada esinemisoskusi ja suhtlust meediaga, tagades s\u00f5numi selge ja veenva j\u00f5udmise sihtr\u00fchmani.<br><br><\/li>\n\n\n\n<li><strong>Uudiskirjade loomist ja edastamist<\/strong><br><br>Uudiskirjad v\u00f5imaldavad regulaarselt suhelda ettev\u00f5tte v\u00f5i organisatsiooni kogukonnaga, pakkudes v\u00e4\u00e4rtuslikku sisu, uudiseid v\u00f5i soodustusi ning hoides neid kursis ettev\u00f5tte v\u00f5i br\u00e4ndi arengutega.<br><br><\/li>\n\n\n\n<li><strong>Kommunikatsioonistrateegia ja -plaanide koostamist<\/strong><br><br>Kommunikatsioonistrateegia ja -plaan aitavad saavutada \u00e4rieesm\u00e4rke, olgu selleks siis suurem n\u00e4htavus, klientide kaasamine v\u00f5i m\u00fc\u00fcgi kasv.<br><br><\/li>\n\n\n\n<li><strong>Professionaalseid <\/strong><a href=\"https:\/\/verus.ee\/index.php\/fotograafia\/\"><strong>fototeenuseid<\/strong><\/a><br><br>Kvaliteetsed fototeenused aitavad luua silmapaistvat visuaalset sisu, mis kajastab sinu br\u00e4ndi identiteeti ja k\u00f5netab sihtr\u00fchma emotsionaalsel tasandil.<br><br><\/li>\n<\/ul>\n","protected":false},"excerpt":{"rendered":"<p>Verus pakub<\/p>\n","protected":false},"author":1,"featured_media":0,"parent":0,"menu_order":0,"comment_status":"closed","ping_status":"closed","template":"","meta":{"_monsterinsights_skip_tracking":false,"_monsterinsights_sitenote_active":false,"_monsterinsights_sitenote_note":"","_monsterinsights_sitenote_category":0,"_uf_show_specific_survey":0,"_uf_disable_surveys":false,"_themeisle_gutenberg_block_has_review":false,"footnotes":""},"class_list":["post-8","page","type-page","status-publish","hentry"],"yoast_head":"<!-- This site is optimized with the Yoast SEO plugin v27.4 - https:\/\/yoast.com\/product\/yoast-seo-wordpress\/ -->\n<title>Teenused - Verus<\/title>\n<meta name=\"description\" content=\"Sotsiaalmeedia kanalite loomine, sotsiaalmeedia haldus, sotsiaalmeedia reklaamide seadistamine, Meta, Facebook, Instagram, tekstiloome, artiklid, pressiteated, uudised, blogitekstid, kommunikatsiooni konsultatsioonid, meediat\u00f6\u00f6, uudiskirjad, kommunikatsioonistrateegia, fototeenused, fotograafia\" \/>\n<meta name=\"robots\" content=\"index, follow, max-snippet:-1, max-image-preview:large, max-video-preview:-1\" \/>\n<link rel=\"canonical\" href=\"https:\/\/verus.ee\/index.php\/teenused\/\" \/>\n<meta property=\"og:locale\" content=\"et_EE\" \/>\n<meta property=\"og:type\" content=\"article\" \/>\n<meta property=\"og:title\" content=\"Teenused - Verus\" \/>\n<meta property=\"og:description\" content=\"Sotsiaalmeedia kanalite loomine, sotsiaalmeedia haldus, sotsiaalmeedia reklaamide seadistamine, Meta, Facebook, Instagram, tekstiloome, artiklid, pressiteated, uudised, blogitekstid, kommunikatsiooni konsultatsioonid, meediat\u00f6\u00f6, uudiskirjad, kommunikatsioonistrateegia, fototeenused, fotograafia\" \/>\n<meta property=\"og:url\" content=\"https:\/\/verus.ee\/index.php\/teenused\/\" \/>\n<meta property=\"og:site_name\" content=\"Verus\" \/>\n<meta property=\"article:modified_time\" content=\"2025-11-10T19:00:25+00:00\" \/>\n<meta property=\"og:image\" content=\"https:\/\/verus.ee\/wp-content\/uploads\/2023\/03\/pexels-mikhail-nilov-8845951-edited-2-scaled.jpg\" \/>\n\t<meta property=\"og:image:width\" content=\"2560\" \/>\n\t<meta property=\"og:image:height\" content=\"2560\" \/>\n\t<meta property=\"og:image:type\" content=\"image\/jpeg\" \/>\n<meta name=\"twitter:card\" content=\"summary_large_image\" \/>\n<meta name=\"twitter:site\" content=\"@annikalepp\" \/>\n<meta name=\"twitter:label1\" content=\"Est. reading time\" \/>\n\t<meta name=\"twitter:data1\" content=\"2 minutit\" \/>\n<script type=\"application\/ld+json\" class=\"yoast-schema-graph\">{\"@context\":\"https:\\\/\\\/schema.org\",\"@graph\":[{\"@type\":\"WebPage\",\"@id\":\"https:\\\/\\\/verus.ee\\\/index.php\\\/teenused\\\/\",\"url\":\"https:\\\/\\\/verus.ee\\\/index.php\\\/teenused\\\/\",\"name\":\"Teenused - Verus\",\"isPartOf\":{\"@id\":\"https:\\\/\\\/verus.ee\\\/#website\"},\"datePublished\":\"2023-02-26T18:59:05+00:00\",\"dateModified\":\"2025-11-10T19:00:25+00:00\",\"description\":\"Sotsiaalmeedia kanalite loomine, sotsiaalmeedia haldus, sotsiaalmeedia reklaamide seadistamine, Meta, Facebook, Instagram, tekstiloome, artiklid, pressiteated, uudised, blogitekstid, kommunikatsiooni konsultatsioonid, meediat\u00f6\u00f6, uudiskirjad, kommunikatsioonistrateegia, fototeenused, fotograafia\",\"breadcrumb\":{\"@id\":\"https:\\\/\\\/verus.ee\\\/index.php\\\/teenused\\\/#breadcrumb\"},\"inLanguage\":\"et\",\"potentialAction\":[{\"@type\":\"ReadAction\",\"target\":[\"https:\\\/\\\/verus.ee\\\/index.php\\\/teenused\\\/\"]}]},{\"@type\":\"BreadcrumbList\",\"@id\":\"https:\\\/\\\/verus.ee\\\/index.php\\\/teenused\\\/#breadcrumb\",\"itemListElement\":[{\"@type\":\"ListItem\",\"position\":1,\"name\":\"Kodu\",\"item\":\"https:\\\/\\\/verus.ee\\\/\"},{\"@type\":\"ListItem\",\"position\":2,\"name\":\"Teenused\"}]},{\"@type\":\"WebSite\",\"@id\":\"https:\\\/\\\/verus.ee\\\/#website\",\"url\":\"https:\\\/\\\/verus.ee\\\/\",\"name\":\"Verus\",\"description\":\"Kommunikatsiooniteenused, turundus, fotograafia, sisuloome, sotsiaalmeedia haldus\",\"publisher\":{\"@id\":\"https:\\\/\\\/verus.ee\\\/#organization\"},\"alternateName\":\"Verus\",\"potentialAction\":[{\"@type\":\"SearchAction\",\"target\":{\"@type\":\"EntryPoint\",\"urlTemplate\":\"https:\\\/\\\/verus.ee\\\/?s={search_term_string}\"},\"query-input\":{\"@type\":\"PropertyValueSpecification\",\"valueRequired\":true,\"valueName\":\"search_term_string\"}}],\"inLanguage\":\"et\"},{\"@type\":\"Organization\",\"@id\":\"https:\\\/\\\/verus.ee\\\/#organization\",\"name\":\"Verus O\u00dc\",\"alternateName\":\"Verus\",\"url\":\"https:\\\/\\\/verus.ee\\\/\",\"logo\":{\"@type\":\"ImageObject\",\"inLanguage\":\"et\",\"@id\":\"https:\\\/\\\/verus.ee\\\/#\\\/schema\\\/logo\\\/image\\\/\",\"url\":\"https:\\\/\\\/verus.ee\\\/wp-content\\\/uploads\\\/2023\\\/03\\\/VERUS.png\",\"contentUrl\":\"https:\\\/\\\/verus.ee\\\/wp-content\\\/uploads\\\/2023\\\/03\\\/VERUS.png\",\"width\":500,\"height\":500,\"caption\":\"Verus O\u00dc\"},\"image\":{\"@id\":\"https:\\\/\\\/verus.ee\\\/#\\\/schema\\\/logo\\\/image\\\/\"},\"sameAs\":[\"https:\\\/\\\/x.com\\\/annikalepp\",\"https:\\\/\\\/www.linkedin.com\\\/in\\\/annikalepp\\\/\",\"https:\\\/\\\/www.instagram.com\\\/annikalepp\\\/\"]}]}<\/script>\n<!-- \/ Yoast SEO plugin. -->","yoast_head_json":{"title":"Teenused - Verus","description":"Sotsiaalmeedia kanalite loomine, sotsiaalmeedia haldus, sotsiaalmeedia reklaamide seadistamine, Meta, Facebook, Instagram, tekstiloome, artiklid, pressiteated, uudised, blogitekstid, kommunikatsiooni konsultatsioonid, meediat\u00f6\u00f6, uudiskirjad, kommunikatsioonistrateegia, fototeenused, fotograafia","robots":{"index":"index","follow":"follow","max-snippet":"max-snippet:-1","max-image-preview":"max-image-preview:large","max-video-preview":"max-video-preview:-1"},"canonical":"https:\/\/verus.ee\/index.php\/teenused\/","og_locale":"et_EE","og_type":"article","og_title":"Teenused - Verus","og_description":"Sotsiaalmeedia kanalite loomine, sotsiaalmeedia haldus, sotsiaalmeedia reklaamide seadistamine, Meta, Facebook, Instagram, tekstiloome, artiklid, pressiteated, uudised, blogitekstid, kommunikatsiooni konsultatsioonid, meediat\u00f6\u00f6, uudiskirjad, kommunikatsioonistrateegia, fototeenused, fotograafia","og_url":"https:\/\/verus.ee\/index.php\/teenused\/","og_site_name":"Verus","article_modified_time":"2025-11-10T19:00:25+00:00","og_image":[{"width":2560,"height":2560,"url":"https:\/\/verus.ee\/wp-content\/uploads\/2023\/03\/pexels-mikhail-nilov-8845951-edited-2-scaled.jpg","type":"image\/jpeg"}],"twitter_card":"summary_large_image","twitter_site":"@annikalepp","twitter_misc":{"Est. reading time":"2 minutit"},"schema":{"@context":"https:\/\/schema.org","@graph":[{"@type":"WebPage","@id":"https:\/\/verus.ee\/index.php\/teenused\/","url":"https:\/\/verus.ee\/index.php\/teenused\/","name":"Teenused - Verus","isPartOf":{"@id":"https:\/\/verus.ee\/#website"},"datePublished":"2023-02-26T18:59:05+00:00","dateModified":"2025-11-10T19:00:25+00:00","description":"Sotsiaalmeedia kanalite loomine, sotsiaalmeedia haldus, sotsiaalmeedia reklaamide seadistamine, Meta, Facebook, Instagram, tekstiloome, artiklid, pressiteated, uudised, blogitekstid, kommunikatsiooni konsultatsioonid, meediat\u00f6\u00f6, uudiskirjad, kommunikatsioonistrateegia, fototeenused, fotograafia","breadcrumb":{"@id":"https:\/\/verus.ee\/index.php\/teenused\/#breadcrumb"},"inLanguage":"et","potentialAction":[{"@type":"ReadAction","target":["https:\/\/verus.ee\/index.php\/teenused\/"]}]},{"@type":"BreadcrumbList","@id":"https:\/\/verus.ee\/index.php\/teenused\/#breadcrumb","itemListElement":[{"@type":"ListItem","position":1,"name":"Kodu","item":"https:\/\/verus.ee\/"},{"@type":"ListItem","position":2,"name":"Teenused"}]},{"@type":"WebSite","@id":"https:\/\/verus.ee\/#website","url":"https:\/\/verus.ee\/","name":"Verus","description":"Kommunikatsiooniteenused, turundus, fotograafia, sisuloome, sotsiaalmeedia haldus","publisher":{"@id":"https:\/\/verus.ee\/#organization"},"alternateName":"Verus","potentialAction":[{"@type":"SearchAction","target":{"@type":"EntryPoint","urlTemplate":"https:\/\/verus.ee\/?s={search_term_string}"},"query-input":{"@type":"PropertyValueSpecification","valueRequired":true,"valueName":"search_term_string"}}],"inLanguage":"et"},{"@type":"Organization","@id":"https:\/\/verus.ee\/#organization","name":"Verus O\u00dc","alternateName":"Verus","url":"https:\/\/verus.ee\/","logo":{"@type":"ImageObject","inLanguage":"et","@id":"https:\/\/verus.ee\/#\/schema\/logo\/image\/","url":"https:\/\/verus.ee\/wp-content\/uploads\/2023\/03\/VERUS.png","contentUrl":"https:\/\/verus.ee\/wp-content\/uploads\/2023\/03\/VERUS.png","width":500,"height":500,"caption":"Verus O\u00dc"},"image":{"@id":"https:\/\/verus.ee\/#\/schema\/logo\/image\/"},"sameAs":["https:\/\/x.com\/annikalepp","https:\/\/www.linkedin.com\/in\/annikalepp\/","https:\/\/www.instagram.com\/annikalepp\/"]}]}},"_links":{"self":[{"href":"https:\/\/verus.ee\/index.php\/wp-json\/wp\/v2\/pages\/8","targetHints":{"allow":["GET"]}}],"collection":[{"href":"https:\/\/verus.ee\/index.php\/wp-json\/wp\/v2\/pages"}],"about":[{"href":"https:\/\/verus.ee\/index.php\/wp-json\/wp\/v2\/types\/page"}],"author":[{"embeddable":true,"href":"https:\/\/verus.ee\/index.php\/wp-json\/wp\/v2\/users\/1"}],"replies":[{"embeddable":true,"href":"https:\/\/verus.ee\/index.php\/wp-json\/wp\/v2\/comments?post=8"}],"version-history":[{"count":17,"href":"https:\/\/verus.ee\/index.php\/wp-json\/wp\/v2\/pages\/8\/revisions"}],"predecessor-version":[{"id":374,"href":"https:\/\/verus.ee\/index.php\/wp-json\/wp\/v2\/pages\/8\/revisions\/374"}],"wp:attachment":[{"href":"https:\/\/verus.ee\/index.php\/wp-json\/wp\/v2\/media?parent=8"}],"curies":[{"name":"wp","href":"https:\/\/api.w.org\/{rel}","templated":true}]}}